{"id":2029,"date":"2018-05-18T10:29:20","date_gmt":"2018-05-18T08:29:20","guid":{"rendered":"http:\/\/wordpress-pros.creals.fr\/?page_id=2029"},"modified":"2025-06-08T09:14:24","modified_gmt":"2025-06-08T07:14:24","slug":"politique-de-confidentialite","status":"publish","type":"page","link":"https:\/\/www.expertgranit.com\/en\/politique-de-confidentialite","title":{"rendered":"Politique de confidentialit\u00e9 &#8211; FR"},"content":{"rendered":"<div data-elementor-type=\"wp-post\" data-elementor-id=\"2029\" class=\"elementor elementor-2029\" data-elementor-post-type=\"page\">\n\t\t\t\t\t\t<section class=\"elementor-section elementor-top-section elementor-element elementor-element-425ef344 elementor-section-boxed elementor-section-height-default elementor-section-height-default\" data-id=\"425ef344\" data-element_type=\"section\" data-e-type=\"section\">\n\t\t\t\t\t\t<div class=\"elementor-container elementor-column-gap-default\">\n\t\t\t\t\t<div class=\"elementor-column elementor-col-100 elementor-top-column elementor-element elementor-element-7ec00b02\" data-id=\"7ec00b02\" data-element_type=\"column\" data-e-type=\"column\">\n\t\t\t<div class=\"elementor-widget-wrap elementor-element-populated\">\n\t\t\t\t\t\t<div class=\"elementor-element elementor-element-266bf7fa elementor-widget elementor-widget-text-editor\" data-id=\"266bf7fa\" data-element_type=\"widget\" data-e-type=\"widget\" data-widget_type=\"text-editor.default\">\n\t\t\t\t<div class=\"elementor-widget-container\">\n\t\t\t\t\t\t\t\t\t<h1 style=\"text-align: justify;\">Privacy policy<\/h1>\n<h2 style=\"text-align: justify;\">1.Collecte de l\u2019information<\/h2>\n<p style=\"text-align: justify;\">Nous recueillons des informations lorsque vous vous inscrivez sur notre site, lorsque vous vous connectez \u00e0 votre compte, faites un achat, participez \u00e0 un concours, et \/ ou lorsque vous vous d\u00e9connectez. Les informations recueillies incluent votre nom, votre adresse e-mail, num\u00e9ro de t\u00e9l\u00e9phone, et \/ ou carte de cr\u00e9dit (dans le cas d&rsquo;un achat direct sur notre site).<\/p>\n<p style=\"text-align: justify;\">En outre \u00e0 des fins statistiques pour mieux comprendre les usages et utilisations de notre site, nous recevons et enregistrons automatiquement des informations \u00e0 partir de votre ordinateur et navigateur, comme la page que vous demandez. Dans le respect de votre vie priv\u00e9e VivaWeb utilise Matomo \/ Piwik nous utilisons des statistiques anonymis\u00e9es, toutefois vous pouvez choisir de ne pas envoyer de statistiques en bas de cette page.<\/p>\n<h2 style=\"text-align: justify;\">2. Utilisation des informations<\/h2>\n<p style=\"text-align: justify;\">Toute les informations que nous recueillons aupr\u00e8s de vous peuvent \u00eatre utilis\u00e9es pour :<\/p>\n<p style=\"text-align: justify;\">Personnaliser votre exp\u00e9rience et r\u00e9pondre \u00e0 vos besoins individuels<br>Fournir un contenu publicitaire personnalis\u00e9<br>Am\u00e9liorer notre site Web<br>Am\u00e9liorer le service client et vos besoins de prise en charge<br>Vous contacter par e-mail<br>Administrer un concours, une promotion, ou une enqu\u00eate<\/p>\n<h2 style=\"text-align: justify;\">3. Confidentialit\u00e9 dans le cas du commerce en ligne<\/h2>\n<p style=\"text-align: justify;\">Nous sommes les seuls propri\u00e9taires des informations recueillies sur ce site. Vos informations personnelles ne seront pas vendues, \u00e9chang\u00e9es, transf\u00e9r\u00e9es, ou donn\u00e9es \u00e0 une autre soci\u00e9t\u00e9 pour n\u2019importe quel raison, sans votre consentement, en dehors de ce qui est n\u00e9cessaire pour r\u00e9pondre \u00e0 une demande et \/ ou une transaction, comme par exemple pour exp\u00e9dier une commande.<\/p>\n<h2 style=\"text-align: justify;\">4. Divulgation \u00e0 des tiers<\/h2>\n<p style=\"text-align: justify;\">Nous ne vendons, n\u2019\u00e9changeons et ne transf\u00e9rons pas vos informations personnelles identifiables \u00e0 des tiers. Cela ne comprend pas les tierce parties de confiance qui nous aident \u00e0 exploiter notre site Web ou \u00e0 mener nos affaires, tant que ces parties conviennent de garder ces informations confidentielles.<\/p>\n<p style=\"text-align: justify;\">Nous pensons qu\u2019il est n\u00e9cessaire de partager des informations afin d\u2019enqu\u00eater, de pr\u00e9venir ou de prendre des mesures concernant des activit\u00e9s ill\u00e9gales, fraudes pr\u00e9sum\u00e9es, situations impliquant des menaces potentielles \u00e0 la s\u00e9curit\u00e9 physique de toute personne, violations de nos conditions d\u2019utilisation, ou quand la loi nous y contraint.<\/p>\n<p style=\"text-align: justify;\">Les informations non-priv\u00e9es, cependant, peuvent \u00eatre fournies \u00e0 d\u2019autres parties pour le marketing, la publicit\u00e9, ou d\u2019autres utilisations.<\/p>\n<h2 style=\"text-align: justify;\">5. Protection des informations<\/h2>\n<p style=\"text-align: justify;\">Nous mettons en \u0153uvre une vari\u00e9t\u00e9 de mesures de s\u00e9curit\u00e9 pour pr\u00e9server la s\u00e9curit\u00e9 de vos informations personnelles. Nous utilisons un cryptage \u00e0 la pointe de la technologie pour prot\u00e9ger les informations sensibles transmises en ligne. Nous prot\u00e9geons \u00e9galement vos informations hors ligne. Seuls les employ\u00e9s qui ont besoin d\u2019effectuer un travail sp\u00e9cifique (par exemple, la facturation ou le service \u00e0 la client\u00e8le) ont acc\u00e8s aux informations personnelles identifiables. Les ordinateurs et serveurs utilis\u00e9s pour stocker des informations personnelles identifiables sont conserv\u00e9s dans un environnement s\u00e9curis\u00e9.<\/p>\n<h3 style=\"text-align: justify;\">Est-ce que nous utilisons des cookies ?<\/h3>\n<p style=\"text-align: justify;\">Oui. Nos cookies am\u00e9liorent l\u2019acc\u00e8s \u00e0 notre site et identifient les visiteurs r\u00e9guliers. En outre, nos cookies am\u00e9liorent l\u2019exp\u00e9rience d\u2019utilisateur gr\u00e2ce au suivi et au ciblage de ses int\u00e9r\u00eats. Cependant, cette utilisation des cookies n\u2019est en aucune fa\u00e7on li\u00e9e \u00e0 des informations personnelles identifiables sur notre site.<\/p>\n<p>Configuration de vos pr\u00e9f\u00e9rences sur les cookies<br>Vous pouvez accepter ou refuser le d\u00e9p\u00f4t de cookies \u00e0 tout moment<\/p>\n<h4>a. Les cookies exempt\u00e9s de consentement<\/h4>\n<p>Conform\u00e9ment aux recommandations de la Commission Nationale de l\u2019Informatique et des Libert\u00e9s (CNIL), certains cookies sont dispens\u00e9s du recueil pr\u00e9alable de votre consentement dans la mesure o\u00f9 ils sont strictement n\u00e9cessaires au fonctionnement du site internet ou ont pour finalit\u00e9 exclusive de permettre ou faciliter la communication par voie \u00e9lectronique. Il s\u2019agit notamment des cookies d\u2019identifiant de session, d\u2019authentification, de session d\u2019\u00e9quilibrage de charge ainsi que des cookies de personnalisation de votre interface. Ces cookies sont int\u00e9gralement soumis \u00e0 la pr\u00e9sente politique.<\/p>\n<h4>b. Les cookies n\u00e9cessitant le recueil pr\u00e9alable de votre consentement<\/h4>\n<p>Cette exigence concerne les cookies \u00e9mis par des tiers et qui sont qualifi\u00e9s de \u00ab persistants \u00bb dans la mesure o\u00f9 ils demeurent dans votre terminal jusqu\u2019\u00e0 leur effacement ou leur date d\u2019expiration.<\/p>\n<p>De tels cookies \u00e9tant \u00e9mis par des tiers, leur utilisation et leur d\u00e9p\u00f4t sont soumis \u00e0 leurs propres politiques de confidentialit\u00e9 dont vous trouverez un lien ci-dessous. Cette famille de cookie regroupe les cookies de mesure d\u2019audience (notamment PIWIK), les cookies publicitaires (auxquels nous n&rsquo;avons pas recours) ainsi que les cookies de partage de r\u00e9seaux sociaux (notamment de Facebook, YouTube, Twitter et LinkedIn).<\/p>\n<p>Les cookies de mesure d\u2019audience \u00e9tablissent des statistiques concernant la fr\u00e9quentation et l\u2019utilisation de divers \u00e9l\u00e9ments du site web (comme les contenus\/pages que vous avez visit\u00e9). Ces donn\u00e9es participent \u00e0 l\u2019am\u00e9lioration de l\u2019ergonomie du site web. Un outil de mesure d\u2019audience est utilis\u00e9 sur le pr\u00e9sent site internet :<\/p>\n<p>o PIWIK dont la politique de confidentialit\u00e9 est disponible (uniquement en anglais) \u00e0 partir du lien suivant : https:\/\/piwik.org\/privacy-policy\/<\/p>\n<p>Les cookies de partage des r\u00e9seaux sociaux sont \u00e9mis et g\u00e9r\u00e9s par l\u2019\u00e9diteur du r\u00e9seau social concern\u00e9. Sous r\u00e9serve de votre consentement, ces cookies vous permettent de partager facilement une partie du contenu publi\u00e9 sur le site, notamment par l\u2019interm\u00e9diaire d\u2019un \u00ab bouton \u00bb applicatif de partage selon le r\u00e9seau social concern\u00e9. Quatre types de cookies de partage des r\u00e9seaux sociaux sont pr\u00e9sents sur le site :<\/p>\n<p>o Facebook, dont vous pouvez consulter la politique en mati\u00e8re de cookies en cliquant sur le lien suivant : https:\/\/fr-fr.facebook.com\/policies\/cookies\/<\/p>\n<p>o LinkedIn, dont vous trouverez la politique relative aux cookies en cliquant sur le lien suivant : https:\/\/www.linkedin.com\/legal\/cookie-policy?_l=fr_FR<\/p>\n<p>o Twitter, dont vous trouverez les options d\u00e9di\u00e9es au contr\u00f4le ou \u00e0 la restriction de l\u2019utilisation des cookies ainsi que la politique d\u2019utilisation des cookies : https:\/\/support.twitter.com\/articles\/20170518#<\/p>\n<p>o YouTube, dont vous trouverez l\u2019aide n\u00e9cessaire pour supprimer les cookies \u00e0 partir du navigateur Google Chrome en cliquant sur le lien suivant : https:\/\/support.google.com\/youtube\/answer\/32050?hl=fr mais \u00e9galement la politique compl\u00e8te en mati\u00e8re de cookies \u00e0 partir du lien suivant : https:\/\/www.google.fr\/intl\/fr\/policies\/technologies\/cookies\/<\/p>\n<h4>c. Vous disposez de divers outils de param\u00e9trage des cookies<\/h4>\n<p>La plupart des navigateurs Internet sont configur\u00e9s par d\u00e9faut de fa\u00e7on \u00e0 ce que le d\u00e9p\u00f4t de cookies soit autoris\u00e9. Votre navigateur vous offre l\u2019opportunit\u00e9 de modifier ces param\u00e8tres standards de mani\u00e8re \u00e0 ce que l\u2019ensemble des cookies soit rejet\u00e9 syst\u00e9matiquement ou bien \u00e0 ce qu\u2019une partie seulement des cookies soit accept\u00e9e ou refus\u00e9e en fonction de leur \u00e9metteur.<\/p>\n<p>ATTENTION : Nous attirons votre attention sur le fait que le refus du d\u00e9p\u00f4t de cookies sur votre terminal est n\u00e9anmoins susceptible d\u2019alt\u00e9rer votre exp\u00e9rience d\u2019utilisateur ainsi que votre acc\u00e8s \u00e0 certains services ou fonctionnalit\u00e9s du pr\u00e9sent site web. Le cas \u00e9ch\u00e9ant, nous d\u00e9clinons toute responsabilit\u00e9 concernant les cons\u00e9quences li\u00e9es \u00e0 la d\u00e9gradation de vos conditions de navigation qui interviennent en raison de votre choix de refuser, supprimer ou bloquer les cookies n\u00e9cessaires au fonctionnement du site. Ces cons\u00e9quences ne sauraient constituer un dommage et vous ne pourrez pr\u00e9tendre \u00e0 aucune indemnit\u00e9 de ce fait.<\/p>\n<p>Votre navigateur vous permet \u00e9galement de supprimer les cookies existants sur votre terminal ou encore de vous signaler lorsque de nouveaux cookies sont susceptibles d\u2019\u00eatre d\u00e9pos\u00e9s sur votre terminal. Ces param\u00e9trages n\u2019ont pas d\u2019incidence sur votre navigation mais vous font perdre tout le b\u00e9n\u00e9fice apport\u00e9 par le cookie.<\/p>\n<p>Veuillez ci-dessous prendre connaissance des multiples outils mis \u00e0 votre disposition afin que vous puissiez param\u00e9trer les cookies d\u00e9pos\u00e9s sur votre terminal.<\/p>\n<h4>d. Le param\u00e9trage de votre navigateur Internet<\/h4>\n<p>Chaque navigateur Internet propose ses propres param\u00e8tres de gestion des cookies. Pour savoir de quelle mani\u00e8re modifier vos pr\u00e9f\u00e9rences en mati\u00e8re de cookies, vous trouverez ci-dessous les liens vers l\u2019aide n\u00e9cessaire pour acc\u00e9der au menu de votre navigateur pr\u00e9vu \u00e0 cet effet :<\/p>\n<p>Chrome : https:\/\/support.google.com\/chrome\/answer\/95647?hl=fr<\/p>\n<p>Firefox : https:\/\/support.mozilla.org\/fr\/kb\/activer-desactiver-cookies<\/p>\n<p>Internet Explorer : https:\/\/support.microsoft.com\/fr-fr\/help\/17442\/windows-internet-explorer-delete-manage-cookies#ie=ie-11<\/p>\n<p>Opera : http:\/\/help.opera.com\/Windows\/10.20\/fr\/cookies.html<\/p>\n<p>Safari : https:\/\/support.apple.com\/kb\/PH21411?viewlocale=fr_FR&amp;locale=fr_FR<\/p>\n<p>Pour de plus amples informations concernant les outils de ma\u00eetrise des cookies, vous pouvez consulter le site internet de la CNIL : <a href=\"https:\/\/www.cnil.fr\/fr\/cookies-les-outils-pour-les-maitriser\">https:\/\/www.cnil.fr\/fr\/cookies-les-outils-pour-les-maitriser<\/a>.<\/p>\n<h2 style=\"text-align: justify;\">6. Se d\u00e9sabonner<\/h2>\n<p style=\"text-align: justify;\">Nous utilisons l\u2019adresse e-mail que vous fournissez pour vous envoyer des informations et mises \u00e0 jour, ou informations relatives \u00e0 votre commande, des nouvelles de fa\u00e7on occasionnelle, des informations g\u00e9n\u00e9rales ou importantes. Si \u00e0 n\u2019importe quel moment vous souhaitez vous d\u00e9sinscrire et ne plus recevoir d\u2019e-mails, des instructions de d\u00e9sabonnement d\u00e9taill\u00e9es sont incluses en bas de chaque e-mail.<\/p>\n<h2 style=\"text-align: justify;\">7. Consentement<\/h2>\n<p style=\"text-align: justify;\">En utilisant notre site, vous consentez \u00e0 notre politique de confidentialit\u00e9.<\/p>\n<hr>\n<p>Liste des outils utilis\u00e9s :<\/p>\n<p>Matomo (analyses statistiques)<\/p>\n<p>Joomla et composants\/plugins \u00e9ventuels (d\u00e9tails sur demande)<\/p>\n<p>WordPress et plugins \u00e9ventuels (d\u00e9tails sur demande)<\/p>\n<p>Prestashop et modules \u00e9ventuels (d\u00e9tails sur demande)<\/p>\n<p>PRESTATAIRES AYANT ACC\u00e8S AU TRAITEMENT DES DONN\u00c9ES :<\/p>\n<p>&#8211; VivaWeb &#8211; Agence de communication web &#8211; www.vivaweb.fr<\/p>\n<p>En cas de besoin pour demander l&rsquo;acc\u00e8s \u00e0 vos donn\u00e9es ou les effacer :<\/p>\n<p>Merci d&rsquo;envoyer un e-mail \u00e0 <a href=\"mailto:rgpd@vivaweb.fr\">rgpd@vivaweb.fr<\/a> en joignant la preuve de votre identit\u00e9, les \u00e9l\u00e9ments et informations que vous souhaitez consulter ou effacer et qui sont n\u00e9cessaires pour vous identifier (adresse ip etc&#8230;).<\/p>\t\t\t\t\t\t\t\t<\/div>\n\t\t\t\t<\/div>\n\t\t\t\t\t<\/div>\n\t\t<\/div>\n\t\t\t\t\t<\/div>\n\t\t<\/section>\n\t\t\t\t<section class=\"elementor-section elementor-top-section elementor-element elementor-element-7195e9d elementor-section-boxed elementor-section-height-default elementor-section-height-default\" data-id=\"7195e9d\" data-element_type=\"section\" data-e-type=\"section\">\n\t\t\t\t\t\t<div class=\"elementor-container elementor-column-gap-default\">\n\t\t\t\t\t<div class=\"elementor-column elementor-col-100 elementor-top-column elementor-element elementor-element-88cf8fc\" data-id=\"88cf8fc\" data-element_type=\"column\" data-e-type=\"column\">\n\t\t\t<div class=\"elementor-widget-wrap elementor-element-populated\">\n\t\t\t\t\t\t<div class=\"elementor-element elementor-element-b30c069 elementor-widget elementor-widget-text-editor\" data-id=\"b30c069\" data-element_type=\"widget\" data-e-type=\"widget\" data-widget_type=\"text-editor.default\">\n\t\t\t\t<div class=\"elementor-widget-container\">\n\t\t\t\t\t\t\t\t\t<hr \/>\n<h2>Vous souhaitez \u00eatre exclu de nos statistiques ?<\/h2>\n<p><iframe style=\"border: 0; height: 200px; widtha: 600px;\" src=\"https:\/\/statistiques.viva-web.net\/index.php?module=CoreAdminHome&amp;action=optOut&amp;language=fr&amp;backgroundColor=&amp;fontColor=&amp;fontSize=16px&amp;fontFamily=arial\"><\/iframe><\/p>\t\t\t\t\t\t\t\t<\/div>\n\t\t\t\t<\/div>\n\t\t\t\t\t<\/div>\n\t\t<\/div>\n\t\t\t\t\t<\/div>\n\t\t<\/section>\n\t\t\t\t<\/div>","protected":false},"excerpt":{"rendered":"<p>Politique de confidentialit\u00e9 1.Collecte de l\u2019information Nous recueillons des informations lorsque vous vous inscrivez sur notre site, lorsque vous vous connectez \u00e0 votre compte, faites un achat, participez \u00e0 un concours, et \/ ou lorsque vous vous d\u00e9connectez. Les informations recueillies incluent votre nom, votre adresse e-mail, num\u00e9ro de t\u00e9l\u00e9phone, et \/ ou carte de [&hellip;]<\/p>\n","protected":false},"author":10,"featured_media":0,"parent":0,"menu_order":0,"comment_status":"closed","ping_status":"closed","template":"elementor_header_footer","meta":{"_seopress_robots_primary_cat":"","_seopress_titles_title":"","_seopress_titles_desc":"","_seopress_robots_index":"","ocean_post_layout":"","ocean_both_sidebars_style":"","ocean_both_sidebars_content_width":0,"ocean_both_sidebars_sidebars_width":0,"ocean_sidebar":"0","ocean_second_sidebar":"0","ocean_disable_margins":"enable","ocean_add_body_class":"","ocean_shortcode_before_top_bar":"","ocean_shortcode_after_top_bar":"","ocean_shortcode_before_header":"","ocean_shortcode_after_header":"","ocean_has_shortcode":"","ocean_shortcode_after_title":"","ocean_shortcode_before_footer_widgets":"","ocean_shortcode_after_footer_widgets":"","ocean_shortcode_before_footer_bottom":"","ocean_shortcode_after_footer_bottom":"","ocean_display_top_bar":"default","ocean_display_header":"default","ocean_header_style":"","ocean_center_header_left_menu":"0","ocean_custom_header_template":"0","ocean_custom_logo":0,"ocean_custom_retina_logo":0,"ocean_custom_logo_max_width":0,"ocean_custom_logo_tablet_max_width":0,"ocean_custom_logo_mobile_max_width":0,"ocean_custom_logo_max_height":0,"ocean_custom_logo_tablet_max_height":0,"ocean_custom_logo_mobile_max_height":0,"ocean_header_custom_menu":"0","ocean_menu_typo_font_family":"0","ocean_menu_typo_font_subset":"","ocean_menu_typo_font_size":0,"ocean_menu_typo_font_size_tablet":0,"ocean_menu_typo_font_size_mobile":0,"ocean_menu_typo_font_size_unit":"px","ocean_menu_typo_font_weight":"","ocean_menu_typo_font_weight_tablet":"","ocean_menu_typo_font_weight_mobile":"","ocean_menu_typo_transform":"","ocean_menu_typo_transform_tablet":"","ocean_menu_typo_transform_mobile":"","ocean_menu_typo_line_height":0,"ocean_menu_typo_line_height_tablet":0,"ocean_menu_typo_line_height_mobile":0,"ocean_menu_typo_line_height_unit":"","ocean_menu_typo_spacing":0,"ocean_menu_typo_spacing_tablet":0,"ocean_menu_typo_spacing_mobile":0,"ocean_menu_typo_spacing_unit":"","ocean_menu_link_color":"","ocean_menu_link_color_hover":"","ocean_menu_link_color_active":"","ocean_menu_link_background":"","ocean_menu_link_hover_background":"","ocean_menu_link_active_background":"","ocean_menu_social_links_bg":"","ocean_menu_social_hover_links_bg":"","ocean_menu_social_links_color":"","ocean_menu_social_hover_links_color":"","ocean_disable_title":"default","ocean_disable_heading":"default","ocean_post_title":"","ocean_post_subheading":"","ocean_post_title_style":"","ocean_post_title_background_color":"","ocean_post_title_background":0,"ocean_post_title_bg_image_position":"","ocean_post_title_bg_image_attachment":"","ocean_post_title_bg_image_repeat":"","ocean_post_title_bg_image_size":"","ocean_post_title_height":0,"ocean_post_title_bg_overlay":0.5,"ocean_post_title_bg_overlay_color":"","ocean_disable_breadcrumbs":"default","ocean_breadcrumbs_color":"","ocean_breadcrumbs_separator_color":"","ocean_breadcrumbs_links_color":"","ocean_breadcrumbs_links_hover_color":"","ocean_display_footer_widgets":"default","ocean_display_footer_bottom":"default","ocean_custom_footer_template":"0","footnotes":""},"class_list":{"0":"post-2029","1":"page","2":"type-page","3":"status-publish","5":"entry"},"_links":{"self":[{"href":"https:\/\/www.expertgranit.com\/en\/wp-json\/wp\/v2\/pages\/2029","targetHints":{"allow":["GET"]}}],"collection":[{"href":"https:\/\/www.expertgranit.com\/en\/wp-json\/wp\/v2\/pages"}],"about":[{"href":"https:\/\/www.expertgranit.com\/en\/wp-json\/wp\/v2\/types\/page"}],"author":[{"embeddable":true,"href":"https:\/\/www.expertgranit.com\/en\/wp-json\/wp\/v2\/users\/10"}],"replies":[{"embeddable":true,"href":"https:\/\/www.expertgranit.com\/en\/wp-json\/wp\/v2\/comments?post=2029"}],"version-history":[{"count":0,"href":"https:\/\/www.expertgranit.com\/en\/wp-json\/wp\/v2\/pages\/2029\/revisions"}],"wp:attachment":[{"href":"https:\/\/www.expertgranit.com\/en\/wp-json\/wp\/v2\/media?parent=2029"}],"curies":[{"name":"wp","href":"https:\/\/api.w.org\/{rel}","templated":true}]}}